{"id":1597,"date":"2024-04-17T18:15:03","date_gmt":"2024-04-17T18:15:03","guid":{"rendered":"https:\/\/franzhans06.de\/?page_id=1597"},"modified":"2024-04-22T10:31:33","modified_gmt":"2024-04-22T10:31:33","slug":"impressum","status":"publish","type":"page","link":"https:\/\/franzhans06.de\/?page_id=1597","title":{"rendered":"Impressum"},"content":{"rendered":"\t\t<div data-elementor-type=\"wp-page\" data-elementor-id=\"1597\" class=\"elementor elementor-1597\" data-elementor-post-type=\"page\">\n\t\t\t\t<div class=\"elementor-element elementor-element-ae1d29e e-flex e-con-boxed e-con e-parent\" data-id=\"ae1d29e\" data-element_type=\"container\">\n\t\t\t\t\t<div class=\"e-con-inner\">\n\t\t<div class=\"elementor-element elementor-element-ef751bf e-flex e-con-boxed e-con e-child\" data-id=\"ef751bf\" data-element_type=\"container\">\n\t\t\t\t\t<div class=\"e-con-inner\">\n\t\t\t\t<div class=\"elementor-element elementor-element-de9355a elementor-widget elementor-widget-heading\" data-id=\"de9355a\" data-element_type=\"widget\" data-widget_type=\"heading.default\">\n\t\t\t\t<div class=\"elementor-widget-container\">\n\t\t\t\t\t<h2 class=\"elementor-heading-title elementor-size-default\">Impressum<\/h2>\t\t\t\t<\/div>\n\t\t\t\t<\/div>\n\t\t\t\t<div class=\"elementor-element elementor-element-a9645b5 elementor-widget elementor-widget-text-editor\" data-id=\"a9645b5\" data-element_type=\"widget\" data-widget_type=\"text-editor.default\">\n\t\t\t\t<div class=\"elementor-widget-container\">\n\t\t\t\t\t\t\t\t\t<h2>Anbieter dieser Website<\/h2><p>FRANZHANS 06 GmbH<br \/>Agentur f\u00fcr Kultur<br \/>Gustav-Adolf-Stra\u00dfe 14<br \/>13086 Berlin<br \/>Deutschland<\/p><h2>Kontaktm\u00f6glichkeiten<\/h2><p>Tel.: +49 30\/ 923 735 62<br \/>Fax: +49 30\/ 923 735 64<br \/>E-Mail:<a title=\" info@franzhans06.de\" href=\"https:\/\/franzhans06.de\/impressum\/%20info@franzhans06.de\"> info@franzhans06.de<\/a><br \/>www.franzhans06.com<\/p><h2>Gesch\u00e4ftsf\u00fchrer<\/h2><p>R\u00fcdiger Kutzner<\/p><h2>Sitz des Unternehmens<\/h2><p>Berlin \u2013 Wei\u00dfensee<\/p><h2>Amtsgericht Charlottenburg<\/h2><p>HRB 252338 B<br \/>UST-ID: DE360901392<\/p><h2>Inhaltlich Verantwortlicher gem\u00e4\u00df \u00a710 MDStV<\/h2><p>R\u00fcdiger Kutzner<\/p><h2>Domains dieser Internetseite<\/h2><p>franzhans06.de<br \/>franzhans06.com<\/p><h2>Datenschutz<\/h2><h3>Newsletterdaten<\/h3><p>Wenn Sie unseren Newsletter beziehen m\u00f6chten, ben\u00f6tigen wir von Ihnen eine E-Mail-Adresse. Optional k\u00f6nnen Sie Ihre Namen mit eingebem. Weitere Daten werden nicht erhoben. Diese Daten verwenden wir ausschlie\u00dflich f\u00fcr den Versand der angeforderten Informationen und geben diese nicht an Dritte weiter. Die Verarbeitung der in das Newsletteranmeldeformular eingegebenen Daten erfolgt ausschlie\u00dflich auf Grundlage Ihrer Einwilligung (Art. 6 Abs. 1 lit. a DSGVO). Die erteilte Einwilligung zur Speicherung der Daten, der E-Mail-Adresse sowie deren Nutzung zum Versand des Newsletters k\u00f6nnen Sie jederzeit widerrufen, zum Beispiel \u00fcber den \u201cAustragen\u201d-Link im Newsletter. Die Rechtm\u00e4\u00dfigkeit der bereits erfolgten Datenverarbeitungsvorg\u00e4nge bleibt vom Widerruf unber\u00fchrt. Die von Ihnen zum Zwecke des Newsletter-Bezugs bei uns hinterlegten Daten werden von uns bis zu Ihrer Austragung aus dem Newsletter gespeichert und nach der Abbestellung des Newsletters gel\u00f6scht.<\/p><p>Diese Webseite nutzt den Dienst Brevo als Newletter-Versanddienstleister.Weitere Informationen finden Sie hier: https:\/\/www.brevo.com\/de\/legal\/privacypolicy\/<\/p><h3>Widerspruchsrecht<\/h3><p>Sie haben das Recht, jederzeit gegen die Verarbeitung Sie betreffender personenbezogener Daten, die wir aufgrund unseres berechtigten Interesses verarbeiten (Art. 6 (1) lit. e oder f DSGVO), Widerspruch mit Wirkung f\u00fcr die Zukunft einzulegen. Weiteres regelt Art. 21 DSGVO<\/p><p>\u00a0<\/p><h2>\u00c4nderung dieser Datenschutzerkl\u00e4rung<\/h2><p>Diese Datenschutzerkl\u00e4rung ist aktuell g\u00fcltig und hat den Stand 30. Mai 2023.<\/p><p>Durch die Weiterentwicklung unserer Website und Angebote dar\u00fcber oder aufgrund ge\u00e4nderter gesetzlicher beziehungsweise beh\u00f6rdlicher Vorgaben kann es notwendig werden, diese Datenschutzerkl\u00e4rung zu \u00e4ndern. Die jeweils aktuelle Datenschutzerkl\u00e4rung kann jederzeit auf der Website unter www.franzhans06.de\/impressum von Ihnen abgerufen und ausgedruckt werden.<\/p>\t\t\t\t\t\t\t\t<\/div>\n\t\t\t\t<\/div>\n\t\t\t\t\t<\/div>\n\t\t\t\t<\/div>\n\t\t\t\t\t<\/div>\n\t\t\t\t<\/div>\n\t\t\t\t<\/div>\n\t\t","protected":false},"excerpt":{"rendered":"<p>Impressum Anbieter dieser Website FRANZHANS 06 GmbHAgentur f\u00fcr KulturGustav-Adolf-Stra\u00dfe 1413086 BerlinDeutschland Kontaktm\u00f6glichkeiten Tel.: +49 30\/ 923 735 62Fax: +49 30\/ 923 735 64E-Mail: info@franzhans06.dewww.franzhans06.com Gesch\u00e4ftsf\u00fchrer R\u00fcdiger Kutzner Sitz des Unternehmens Berlin \u2013 Wei\u00dfensee Amtsgericht Charlottenburg HRB 252338 BUST-ID: DE360901392 Inhaltlich Verantwortlicher gem\u00e4\u00df \u00a710 MDStV R\u00fcdiger Kutzner Domains dieser Internetseite franzhans06.defranzhans06.com Datenschutz Newsletterdaten Wenn Sie unseren [&hellip;]<\/p>\n","protected":false},"author":1,"featured_media":0,"parent":0,"menu_order":0,"comment_status":"closed","ping_status":"closed","template":"","meta":{"_acf_changed":false,"footnotes":""},"class_list":["post-1597","page","type-page","status-publish","hentry"],"acf":[],"_links":{"self":[{"href":"https:\/\/franzhans06.de\/index.php?rest_route=\/wp\/v2\/pages\/1597","targetHints":{"allow":["GET"]}}],"collection":[{"href":"https:\/\/franzhans06.de\/index.php?rest_route=\/wp\/v2\/pages"}],"about":[{"href":"https:\/\/franzhans06.de\/index.php?rest_route=\/wp\/v2\/types\/page"}],"author":[{"embeddable":true,"href":"https:\/\/franzhans06.de\/index.php?rest_route=\/wp\/v2\/users\/1"}],"replies":[{"embeddable":true,"href":"https:\/\/franzhans06.de\/index.php?rest_route=%2Fwp%2Fv2%2Fcomments&post=1597"}],"version-history":[{"count":7,"href":"https:\/\/franzhans06.de\/index.php?rest_route=\/wp\/v2\/pages\/1597\/revisions"}],"predecessor-version":[{"id":1855,"href":"https:\/\/franzhans06.de\/index.php?rest_route=\/wp\/v2\/pages\/1597\/revisions\/1855"}],"wp:attachment":[{"href":"https:\/\/franzhans06.de\/index.php?rest_route=%2Fwp%2Fv2%2Fmedia&parent=1597"}],"curies":[{"name":"wp","href":"https:\/\/api.w.org\/{rel}","templated":true}]}}